{"id":828,"date":"2022-05-16T14:08:59","date_gmt":"2022-05-16T14:08:59","guid":{"rendered":"http:\/\/ba9xfiw.myraidbox.de\/impressum\/"},"modified":"2025-10-01T07:18:39","modified_gmt":"2025-10-01T07:18:39","slug":"imprint","status":"publish","type":"page","link":"https:\/\/www.pk-pharmakommunikation.de\/en\/imprint\/","title":{"rendered":"Imprint"},"content":{"rendered":"<p>[et_pb_section fb_built=\u201c1\u201d next_background_color=\u201d#ffffff\u201d module_id=\u201cpk-hero\u201d module_class=\u201ccentered\u201d _builder_version=\u201c4.16\u201d _module_preset=\u201cdefault\u201d background_enable_color=\u201coff\u201d use_background_color_gradient=\u201con\u201d background_color_gradient_direction=\u201c45deg\u201d background_color_gradient_stops=\u201d#941c81 0%|rgba(231,64,17,0.9) 100%\u201d background_color_gradient_overlays_image=\u201con\u201d background_color_gradient_start=\u201c#941c81\u201d background_color_gradient_end=\u201crgba(231,64,17,0.9)\u201d background_enable_image=\u201coff\u201d position_origin_a=\u201ctop_center\u201d min_height_last_edited=\u201coff|phone\u201d bottom_divider_style=\u201ccurve2\u201d bottom_divider_height=\u201c5vw\u201d global_colors_info=\u201d{}\u201d][et_pb_row _builder_version=\u201c4.16\u201d _module_preset=\u201cdefault\u201d width=\u201c90%\u201d max_width=\u201c90%\u201d custom_margin=\u201d||50px||false|false\u201d custom_padding=\u201c0px||0px||true|false\u201d global_colors_info=\u201d{}\u201d][et_pb_column type=\u201c4_4\u201d _builder_version=\u201c4.16\u201d _module_preset=\u201cdefault\u201d global_colors_info=\u201d{}\u201d][et_pb_text _builder_version=\u201c4.16\u201d _module_preset=\u201cdefault\u201d text_line_height=\u201c1em\u201d text_orientation=\u201ccenter\u201d background_layout=\u201cdark\u201d global_colors_info=\u201d{}\u201d]<\/p>\n<h1><strong>Imprint<\/strong><\/h1>\n<p>[\/et_pb_text][\/et_pb_column][\/et_pb_row][\/et_pb_section][et_pb_section fb_built=\u201c1\u201d module_id=\u201chello\u201d _builder_version=\u201c4.16\u201d _module_preset=\u201cdefault\u201d global_colors_info=\u201d{}\u201d][et_pb_row _builder_version=\u201c4.16\u201d _module_preset=\u201cdefault\u201d global_colors_info=\u201d{}\u201d][et_pb_column type=\u201c4_4\u201d _builder_version=\u201c4.16\u201d _module_preset=\u201cdefault\u201d global_colors_info=\u201d{}\u201d][et_pb_text _builder_version=\u201c4.25.1\u201d _module_preset=\u201cdefault\u201d hover_enabled=\u201c0\u201d global_colors_info=\u201d{}\u201d sticky_enabled=\u201c0\u201d]<\/p>\n<p><strong>Angaben gem\u00e4\u00df \u00a7 5&nbsp;DDG<\/strong><\/p>\n<p>Dr. med. Petra Kittner<br>PK Phar\u00adma\u00adkom\u00admu\u00adni\u00adka\u00adtion (Frei\u00adbe\u00adrufler)<br>Bussardweg 27<br>69123 Heidel\u00adberg<\/p>\n<p><strong>Kontakt<\/strong><\/p>\n<p>Telefon: +49 (0) 171 896 0171<br>E\u2011Mail: <a href=\"mailto:info@pk-pharmakommunikation.de\">info@pk-pharmakommunikation.de<\/a><\/p>\n<p><strong>Post\u00adadresse<\/strong><\/p>\n<p>B\u00fcro:<br>Tink Tank<br>Am Para\u00adde\u00adplatz 20<br>D\u201169126 Heidel\u00adberg<\/p>\n<p><strong>Umsatz\u00adsteuer-Iden\u00adti\u00adfi\u00adka\u00adti\u00adons\u00adnummer gem\u00e4\u00df \u00a7 27 a Umsatzsteuergesetz:<\/strong><\/p>\n<p>DE281565162<\/p>\n<p><strong>Redak\u00adtio\u00adnell verantwortlich<\/strong><\/p>\n<p>Dr. med. Petra Kittner<br>Bussardweg 27<br>69123 Heidel\u00adberg<\/p>\n<p><strong>Verbraucherstreitbeilegung\/Universalschlichtungsstelle<\/strong><\/p>\n<p>Wir sind nicht bereit oder verpflichtet, an Streit\u00adbei\u00adle\u00adgungs\u00adver\u00adfahren vor einer Verbrau\u00adcher\u00adschlich\u00adtungs\u00adstelle teilzunehmen.<\/p>\n<p>Mitglied von&nbsp;<a href=\"http:\/\/www.emwa.org\/\">EMWA<\/a>,&nbsp;<a href=\"http:\/\/www.djv.de\/\">DJV<\/a>,&nbsp;<a href=\"http:\/\/www.aerztekammer-bw.de\/\">\u00c4rzte\u00adkammer Baden-W\u00fcrttemberg<\/a><\/p>\n<p>[\/et_pb_text][\/et_pb_column][\/et_pb_row][\/et_pb_section]<\/p>\n","protected":false},"excerpt":{"rendered":"<p>Imprint\u00adAn\u00adgaben gem\u00e4\u00df \u00a7 5 DDG Dr. med. Petra Kitt\u00adnerPK Phar\u00adma\u00adkom\u00admu\u00adni\u00adka\u00adtion (Freiberufler)Bussardweg 2769123 Heidel\u00adberg Kontakt Telefon: +49 (0) 171 896 0171E-Mail: info@pk-pharmakommunikation.de Post\u00adadresse B\u00fcro:Tink TankAm Para\u00adde\u00adplatz 20D-69126 Heidel\u00adberg Umsatz\u00adsteuer-Iden\u00adti\u00adfi\u00adka\u00adti\u00adons\u00adnummer gem\u00e4\u00df \u00a7 27 a Umsatz\u00adsteu\u00ader\u00adge\u00adsetz: DE281565162 Redak\u00adtio\u00adnell verant\u00adwort\u00adlich Dr. med. Petra Kitt\u00adner\u00adBus\u00adsardweg 2769123 Heidel\u00adberg Verbraucherstreitbeilegung\/Universalschlichtungsstelle Wir sind nicht bereit oder verpflichtet, an Streit\u00adbei\u00adle\u00adgungs\u00adver\u00adfahren vor einer Verbrau\u00adcher\u00adschlich\u00adtungs\u00adstelle teilzunehmen.&nbsp;[\u2026]<\/p>\n","protected":false},"author":2,"featured_media":0,"parent":0,"menu_order":0,"comment_status":"closed","ping_status":"closed","template":"","meta":{"_et_pb_use_builder":"on","_et_pb_old_content":"","_et_gb_content_width":"","wp_typography_post_enhancements_disabled":false,"footnotes":""},"difl_page_category":[],"class_list":["post-828","page","type-page","status-publish","hentry"],"yoast_head":"<!-- This site is optimized with the Yoast SEO plugin v27.1.1 - https:\/\/yoast.com\/product\/yoast-seo-wordpress\/ -->\n<title>Imprint &#8226; PK Pharmakommunikation<\/title>\n<meta name=\"robots\" content=\"index, follow, max-snippet:-1, max-image-preview:large, max-video-preview:-1\" \/>\n<link rel=\"canonical\" href=\"https:\/\/www.pk-pharmakommunikation.de\/en\/imprint\/\" \/>\n<meta property=\"og:locale\" content=\"en_US\" \/>\n<meta property=\"og:type\" content=\"article\" \/>\n<meta property=\"og:title\" content=\"Imprint &#8226; PK Pharmakommunikation\" \/>\n<meta property=\"og:description\" content=\"ImprintAngaben gem\u00e4\u00df \u00a7 5 DDG Dr. med. Petra KittnerPK Pharmakommunikation (Freiberufler)Bussardweg 2769123 Heidelberg Kontakt Telefon: +49 (0) 171 896 0171E-Mail: info@pk-pharmakommunikation.de Postadresse B\u00fcro:Tink TankAm Paradeplatz 20D-69126 Heidelberg Umsatzsteuer-Identifikationsnummer gem\u00e4\u00df \u00a7 27 a Umsatzsteuergesetz: DE281565162 Redaktionell verantwortlich Dr. med. Petra KittnerBussardweg 2769123 Heidelberg Verbraucherstreitbeilegung\/Universalschlichtungsstelle Wir sind nicht bereit oder verpflichtet, an Streitbeilegungsverfahren vor einer Verbraucherschlichtungsstelle teilzunehmen. [&hellip;]\" \/>\n<meta property=\"og:url\" content=\"https:\/\/www.pk-pharmakommunikation.de\/en\/imprint\/\" \/>\n<meta property=\"og:site_name\" content=\"PK Pharmakommunikation\" \/>\n<meta property=\"article:modified_time\" content=\"2025-10-01T07:18:39+00:00\" \/>\n<meta name=\"twitter:card\" content=\"summary_large_image\" \/>\n<meta name=\"twitter:label1\" content=\"Est. reading time\" \/>\n\t<meta name=\"twitter:data1\" content=\"1 minute\" \/>\n<script type=\"application\/ld+json\" class=\"yoast-schema-graph\">{\"@context\":\"https:\/\/schema.org\",\"@graph\":[{\"@type\":\"WebPage\",\"@id\":\"https:\/\/www.pk-pharmakommunikation.de\/en\/imprint\/\",\"url\":\"https:\/\/www.pk-pharmakommunikation.de\/en\/imprint\/\",\"name\":\"Imprint &#8226; PK Pharmakommunikation\",\"isPartOf\":{\"@id\":\"https:\/\/www.pk-pharmakommunikation.de\/en\/#website\"},\"datePublished\":\"2022-05-16T14:08:59+00:00\",\"dateModified\":\"2025-10-01T07:18:39+00:00\",\"breadcrumb\":{\"@id\":\"https:\/\/www.pk-pharmakommunikation.de\/en\/imprint\/#breadcrumb\"},\"inLanguage\":\"en-US\",\"potentialAction\":[{\"@type\":\"ReadAction\",\"target\":[\"https:\/\/www.pk-pharmakommunikation.de\/en\/imprint\/\"]}]},{\"@type\":\"BreadcrumbList\",\"@id\":\"https:\/\/www.pk-pharmakommunikation.de\/en\/imprint\/#breadcrumb\",\"itemListElement\":[{\"@type\":\"ListItem\",\"position\":1,\"name\":\"Home\",\"item\":\"https:\/\/www.pk-pharmakommunikation.de\/en\/\"},{\"@type\":\"ListItem\",\"position\":2,\"name\":\"Imprint\"}]},{\"@type\":\"WebSite\",\"@id\":\"https:\/\/www.pk-pharmakommunikation.de\/en\/#website\",\"url\":\"https:\/\/www.pk-pharmakommunikation.de\/en\/\",\"name\":\"PK Pharmakommunikation\",\"description\":\"\",\"publisher\":{\"@id\":\"https:\/\/www.pk-pharmakommunikation.de\/en\/#organization\"},\"potentialAction\":[{\"@type\":\"SearchAction\",\"target\":{\"@type\":\"EntryPoint\",\"urlTemplate\":\"https:\/\/www.pk-pharmakommunikation.de\/en\/?s={search_term_string}\"},\"query-input\":{\"@type\":\"PropertyValueSpecification\",\"valueRequired\":true,\"valueName\":\"search_term_string\"}}],\"inLanguage\":\"en-US\"},{\"@type\":\"Organization\",\"@id\":\"https:\/\/www.pk-pharmakommunikation.de\/en\/#organization\",\"name\":\"PK Pharmakommunikation\",\"url\":\"https:\/\/www.pk-pharmakommunikation.de\/en\/\",\"logo\":{\"@type\":\"ImageObject\",\"inLanguage\":\"en-US\",\"@id\":\"https:\/\/www.pk-pharmakommunikation.de\/en\/#\/schema\/logo\/image\/\",\"url\":\"https:\/\/www.pk-pharmakommunikation.de\/wp-content\/uploads\/pk-logo.svg\",\"contentUrl\":\"https:\/\/www.pk-pharmakommunikation.de\/wp-content\/uploads\/pk-logo.svg\",\"width\":566,\"height\":160,\"caption\":\"PK Pharmakommunikation\"},\"image\":{\"@id\":\"https:\/\/www.pk-pharmakommunikation.de\/en\/#\/schema\/logo\/image\/\"}}]}<\/script>\n<!-- \/ Yoast SEO plugin. -->","yoast_head_json":{"title":"Imprint &#8226; PK Pharmakommunikation","robots":{"index":"index","follow":"follow","max-snippet":"max-snippet:-1","max-image-preview":"max-image-preview:large","max-video-preview":"max-video-preview:-1"},"canonical":"https:\/\/www.pk-pharmakommunikation.de\/en\/imprint\/","og_locale":"en_US","og_type":"article","og_title":"Imprint &#8226; PK Pharmakommunikation","og_description":"ImprintAngaben gem\u00e4\u00df \u00a7 5 DDG Dr. med. Petra KittnerPK Pharmakommunikation (Freiberufler)Bussardweg 2769123 Heidelberg Kontakt Telefon: +49 (0) 171 896 0171E-Mail: info@pk-pharmakommunikation.de Postadresse B\u00fcro:Tink TankAm Paradeplatz 20D-69126 Heidelberg Umsatzsteuer-Identifikationsnummer gem\u00e4\u00df \u00a7 27 a Umsatzsteuergesetz: DE281565162 Redaktionell verantwortlich Dr. med. Petra KittnerBussardweg 2769123 Heidelberg Verbraucherstreitbeilegung\/Universalschlichtungsstelle Wir sind nicht bereit oder verpflichtet, an Streitbeilegungsverfahren vor einer Verbraucherschlichtungsstelle teilzunehmen. [&hellip;]","og_url":"https:\/\/www.pk-pharmakommunikation.de\/en\/imprint\/","og_site_name":"PK Pharmakommunikation","article_modified_time":"2025-10-01T07:18:39+00:00","twitter_card":"summary_large_image","twitter_misc":{"Est. reading time":"1 minute"},"schema":{"@context":"https:\/\/schema.org","@graph":[{"@type":"WebPage","@id":"https:\/\/www.pk-pharmakommunikation.de\/en\/imprint\/","url":"https:\/\/www.pk-pharmakommunikation.de\/en\/imprint\/","name":"Imprint &#8226; PK Pharmakommunikation","isPartOf":{"@id":"https:\/\/www.pk-pharmakommunikation.de\/en\/#website"},"datePublished":"2022-05-16T14:08:59+00:00","dateModified":"2025-10-01T07:18:39+00:00","breadcrumb":{"@id":"https:\/\/www.pk-pharmakommunikation.de\/en\/imprint\/#breadcrumb"},"inLanguage":"en-US","potentialAction":[{"@type":"ReadAction","target":["https:\/\/www.pk-pharmakommunikation.de\/en\/imprint\/"]}]},{"@type":"BreadcrumbList","@id":"https:\/\/www.pk-pharmakommunikation.de\/en\/imprint\/#breadcrumb","itemListElement":[{"@type":"ListItem","position":1,"name":"Home","item":"https:\/\/www.pk-pharmakommunikation.de\/en\/"},{"@type":"ListItem","position":2,"name":"Imprint"}]},{"@type":"WebSite","@id":"https:\/\/www.pk-pharmakommunikation.de\/en\/#website","url":"https:\/\/www.pk-pharmakommunikation.de\/en\/","name":"PK Pharmakommunikation","description":"","publisher":{"@id":"https:\/\/www.pk-pharmakommunikation.de\/en\/#organization"},"potentialAction":[{"@type":"SearchAction","target":{"@type":"EntryPoint","urlTemplate":"https:\/\/www.pk-pharmakommunikation.de\/en\/?s={search_term_string}"},"query-input":{"@type":"PropertyValueSpecification","valueRequired":true,"valueName":"search_term_string"}}],"inLanguage":"en-US"},{"@type":"Organization","@id":"https:\/\/www.pk-pharmakommunikation.de\/en\/#organization","name":"PK Pharmakommunikation","url":"https:\/\/www.pk-pharmakommunikation.de\/en\/","logo":{"@type":"ImageObject","inLanguage":"en-US","@id":"https:\/\/www.pk-pharmakommunikation.de\/en\/#\/schema\/logo\/image\/","url":"https:\/\/www.pk-pharmakommunikation.de\/wp-content\/uploads\/pk-logo.svg","contentUrl":"https:\/\/www.pk-pharmakommunikation.de\/wp-content\/uploads\/pk-logo.svg","width":566,"height":160,"caption":"PK Pharmakommunikation"},"image":{"@id":"https:\/\/www.pk-pharmakommunikation.de\/en\/#\/schema\/logo\/image\/"}}]}},"_links":{"self":[{"href":"https:\/\/www.pk-pharmakommunikation.de\/en\/wp-json\/wp\/v2\/pages\/828","targetHints":{"allow":["GET"]}}],"collection":[{"href":"https:\/\/www.pk-pharmakommunikation.de\/en\/wp-json\/wp\/v2\/pages"}],"about":[{"href":"https:\/\/www.pk-pharmakommunikation.de\/en\/wp-json\/wp\/v2\/types\/page"}],"author":[{"embeddable":true,"href":"https:\/\/www.pk-pharmakommunikation.de\/en\/wp-json\/wp\/v2\/users\/2"}],"replies":[{"embeddable":true,"href":"https:\/\/www.pk-pharmakommunikation.de\/en\/wp-json\/wp\/v2\/comments?post=828"}],"version-history":[{"count":7,"href":"https:\/\/www.pk-pharmakommunikation.de\/en\/wp-json\/wp\/v2\/pages\/828\/revisions"}],"predecessor-version":[{"id":1909,"href":"https:\/\/www.pk-pharmakommunikation.de\/en\/wp-json\/wp\/v2\/pages\/828\/revisions\/1909"}],"wp:attachment":[{"href":"https:\/\/www.pk-pharmakommunikation.de\/en\/wp-json\/wp\/v2\/media?parent=828"}],"wp:term":[{"taxonomy":"difl_page_category","embeddable":true,"href":"https:\/\/www.pk-pharmakommunikation.de\/en\/wp-json\/wp\/v2\/difl_page_category?post=828"}],"curies":[{"name":"wp","href":"https:\/\/api.w.org\/{rel}","templated":true}]}}